{"id":75,"date":"2020-06-23T14:29:29","date_gmt":"2020-06-23T12:29:29","guid":{"rendered":"http:\/\/172.16.200.249\/php73\/dsstore\/?page_id=75"},"modified":"2024-01-09T08:17:20","modified_gmt":"2024-01-09T07:17:20","slug":"imprint","status":"publish","type":"page","link":"https:\/\/deinescheibe.com\/stores\/albara\/index.php\/imprint\/","title":{"rendered":"Impressum"},"content":{"rendered":"\n<p>General information according to \u00a7 5 TMG:<\/p>\n\n\n\n<p>albara<br>Sebastian Keuth<br>Robert-Koch-Str. 7<br>64297 Darmstadt<\/p>\n\n\n\n<p>keuth@lectro.org<\/p>\n\n\n\n<p><\/p>\n\n\n\n<p>Technische Realisierung &amp; Zahlungsabwicklung durch:<br><br><strong>deineScheibe Deutschland<\/strong><br>a brand of deineScheibe GmbH<br>Im MediaPark 5<br>50670 K\u00f6ln<br><br>Telefon +49 221 6778-4040<br>Fax +49 221 6778-4099<br><br>E-Mail: <br><img loading=\"lazy\" width=\"171\" height=\"16\" class=\"wp-image-129\" style=\"width: 150px;\" src=\"https:\/\/dev.slashmake.net\/p73\/12084237\/wp-content\/uploads\/2020\/06\/dsmail.png\" alt=\"\"><br><br>Gesch\u00e4ftsf\u00fchrer: <img alt=\"Gesch\u00e4ftsf\u00fchrer\" src=\"https:\/\/www.deinescheibe.de\/media\/content\/name.jpg\"><br>Registriert beim AG K\u00f6ln unter HRB 70375<\/p>\n","protected":false},"excerpt":{"rendered":"<p>General information according to \u00a7 5 TMG: albaraSebastian KeuthRobert-Koch-Str. 764297 Darmstadt keuth@lectro.org Technische Realisierung &amp; Zahlungsabwicklung durch: deineScheibe Deutschlanda brand of deineScheibe GmbHIm MediaPark 550670 K\u00f6ln Telefon +49 221 6778-4040Fax +49 221 6778-4099 E-Mail: Gesch\u00e4ftsf\u00fchrer: Registriert beim AG K\u00f6ln unter HRB 70375<\/p>\n","protected":false},"author":1,"featured_media":0,"parent":0,"menu_order":0,"comment_status":"closed","ping_status":"closed","template":"","meta":[],"_links":{"self":[{"href":"https:\/\/deinescheibe.com\/stores\/albara\/index.php\/wp-json\/wp\/v2\/pages\/75"}],"collection":[{"href":"https:\/\/deinescheibe.com\/stores\/albara\/index.php\/wp-json\/wp\/v2\/pages"}],"about":[{"href":"https:\/\/deinescheibe.com\/stores\/albara\/index.php\/wp-json\/wp\/v2\/types\/page"}],"author":[{"embeddable":true,"href":"https:\/\/deinescheibe.com\/stores\/albara\/index.php\/wp-json\/wp\/v2\/users\/1"}],"replies":[{"embeddable":true,"href":"https:\/\/deinescheibe.com\/stores\/albara\/index.php\/wp-json\/wp\/v2\/comments?post=75"}],"version-history":[{"count":13,"href":"https:\/\/deinescheibe.com\/stores\/albara\/index.php\/wp-json\/wp\/v2\/pages\/75\/revisions"}],"predecessor-version":[{"id":270,"href":"https:\/\/deinescheibe.com\/stores\/albara\/index.php\/wp-json\/wp\/v2\/pages\/75\/revisions\/270"}],"wp:attachment":[{"href":"https:\/\/deinescheibe.com\/stores\/albara\/index.php\/wp-json\/wp\/v2\/media?parent=75"}],"curies":[{"name":"wp","href":"https:\/\/api.w.org\/{rel}","templated":true}]}}