{"id":160,"date":"2020-11-24T14:29:00","date_gmt":"2020-11-24T13:29:00","guid":{"rendered":"http:\/\/172.16.200.249\/php73\/11281369_huettenkrimi\/?post_type=product&#038;p=160"},"modified":"2024-01-08T16:45:43","modified_gmt":"2024-01-08T15:45:43","slug":"albara","status":"publish","type":"product","link":"https:\/\/deinescheibe.com\/stores\/albara\/index.php\/produkt\/albara\/","title":{"rendered":"albara"},"content":{"rendered":"<p>Zur Entstehung dieses Albums f\u00fchrte Folgendes: die Sendung von Frank Stoner \u201e2023 \u2013 Die Zeit des Kriegers\u201c, das Konzept des automatischen Schreibens nach William S. Burroughs, ein Gespr\u00e4ch am Lagerfeuer im Odenwald, die Erinnerung an das Buch \u201eOdin \u2013 Jenseitsf\u00fchrer und Weiser\u201c von Harry Eilenstein, die Musik von Velvet Underground, der Versuch die letzten drei Jahre zu verstehen und viele vermutlich unbewusste Einfl\u00fcsse aus der Psychosph\u00e4re. Dank gilt unseren weiblichen Weggef\u00e4hrtinnen, die mit unserem Abtauchen in sprachliche und klangliche Welten leben mussten. Oder um es mit Teresa zu sagen: \u201eDu wirst es sehen, solange Liebe da ist, wird das Leben weitergehen.\u201c<\/p>\n<p>Texte: Alexander Mohr<br \/>\nGitarre, Bass, Vocals, drum programming, synths: Sebastian Keuth<br \/>\nMix, Mastering und additional vocals on \u201cHelgrund\u201d: Ralf Oswald<\/p>\n<table>\n<thead>\n<tr>\n<th>#<\/th>\n<th>H\u00f6rproben<\/th>\n<\/tr>\n<\/thead>\n<tbody>\n<tr>\n<td>1<\/td>\n<td>2023 Das Jahr des Kriegers<br \/>\n<audio src=\"https:\/\/deinescheibe.com\/stores\/albara\/wp-content\/themes\/dsstore\/assets\/audio\/01_2023_Das_Jahr_des_Kriegers_30sec.mp3\" controls=\"controls\"><\/audio><\/td>\n<\/tr>\n<tr>\n<td>2<\/td>\n<td>Amsterdam Heidelberg Prag Walhall<br \/>\n<audio src=\"https:\/\/deinescheibe.com\/stores\/albara\/wp-content\/themes\/dsstore\/assets\/audio\/02_Amsterdam_Heidelberg_Prag_Walhall_30sec.mp3\" controls=\"controls\"><\/audio><\/td>\n<\/tr>\n<tr>\n<td>3<\/td>\n<td>Im Bett mit einer Pflanzendeva<br \/>\n<audio src=\"https:\/\/deinescheibe.com\/stores\/albara\/wp-content\/themes\/dsstore\/assets\/audio\/03_Im_Bett_mit_einer_Pflanzendeva_30sec.mp3\" controls=\"controls\"><\/audio><\/td>\n<\/tr>\n<tr>\n<td>4<\/td>\n<td>Heiltraumhaft<br \/>\n<audio src=\"https:\/\/deinescheibe.com\/stores\/albara\/wp-content\/themes\/dsstore\/assets\/audio\/04_Heiltraumhaft_30sec.mp3\" controls=\"controls\"><\/audio><\/td>\n<\/tr>\n<tr>\n<td>5<\/td>\n<td>Helgrund<br \/>\n<audio src=\"https:\/\/deinescheibe.com\/stores\/albara\/wp-content\/themes\/dsstore\/assets\/audio\/05_Helgrund_30sec.mp3\" controls=\"controls\"><\/audio><\/td>\n<\/tr>\n<tr>\n<td>6<\/td>\n<td>Intoxifikation &#8211; Radio Edit<br \/>\n<audio src=\"https:\/\/deinescheibe.com\/stores\/albara\/wp-content\/themes\/dsstore\/assets\/audio\/06_Intoxifikation_30sec.mp3\" controls=\"controls\"><\/audio><\/td>\n<\/tr>\n<tr>\n<td>7<\/td>\n<td>Der Heiler sagt<br \/>\n<audio src=\"https:\/\/deinescheibe.com\/stores\/albara\/wp-content\/themes\/dsstore\/assets\/audio\/07_Der_Heiler_sagt_30sec.mp3\" controls=\"controls\"><\/audio><\/td>\n<\/tr>\n<tr>\n<td>8<\/td>\n<td>Teresa sagt<br \/>\n<audio src=\"https:\/\/deinescheibe.com\/stores\/albara\/wp-content\/themes\/dsstore\/assets\/audio\/08_Teresa_sagt_30sec.mp3\" controls=\"controls\"><\/audio><\/td>\n<\/tr>\n<tr>\n<td>9<\/td>\n<td>Traumfragmente<br \/>\n<audio src=\"https:\/\/deinescheibe.com\/stores\/albara\/wp-content\/themes\/dsstore\/assets\/audio\/09_Traumfragmente_30sec.mp3\" controls=\"controls\"><\/audio><\/td>\n<\/tr>\n<tr>\n<td>10<\/td>\n<td>Im Zwischenreich<br \/>\n<audio src=\"https:\/\/deinescheibe.com\/stores\/albara\/wp-content\/themes\/dsstore\/assets\/audio\/10_Im_Zwischenreich_30sec.mp3\" controls=\"controls\"><\/audio><\/td>\n<\/tr>\n<\/tbody>\n<\/table>\n","protected":false},"excerpt":{"rendered":"<p>CD-Audio (64 min), 16-seitiges Booklet<\/p>\n","protected":false},"featured_media":266,"template":"","meta":[],"_links":{"self":[{"href":"https:\/\/deinescheibe.com\/stores\/albara\/index.php\/wp-json\/wp\/v2\/product\/160"}],"collection":[{"href":"https:\/\/deinescheibe.com\/stores\/albara\/index.php\/wp-json\/wp\/v2\/product"}],"about":[{"href":"https:\/\/deinescheibe.com\/stores\/albara\/index.php\/wp-json\/wp\/v2\/types\/product"}],"wp:featuredmedia":[{"embeddable":true,"href":"https:\/\/deinescheibe.com\/stores\/albara\/index.php\/wp-json\/wp\/v2\/media\/266"}],"wp:attachment":[{"href":"https:\/\/deinescheibe.com\/stores\/albara\/index.php\/wp-json\/wp\/v2\/media?parent=160"}],"curies":[{"name":"wp","href":"https:\/\/api.w.org\/{rel}","templated":true}]}}