{"id":183,"date":"2021-01-18T10:22:00","date_gmt":"2021-01-18T09:22:00","guid":{"rendered":"http:\/\/172.16.200.249\/php73\/12058998\/?post_type=product&#038;p=183"},"modified":"2021-05-05T15:02:02","modified_gmt":"2021-05-05T13:02:02","slug":"star-hotel","status":"publish","type":"product","link":"https:\/\/deinescheibe.com\/stores\/deadline54\/produkt\/star-hotel\/","title":{"rendered":"Star Hotel"},"content":{"rendered":"","protected":false},"excerpt":{"rendered":"<p>Deadline 54 &#8211; alle Mitte 20, seit 2016 aktiv, der Bandbus knackt bergab die 120! Die vierk\u00f6pfige Augsburger Rockband packt ein klassisches Gitarre-Bass-Schlagzeug Setup um ihre Frontfrau und macht dabei ihren ganz eigenen Sound zwischen Vintage und 3-Chord-Song. Was sie in zahlreichen, regionalen Konzerten auf die B\u00fchne brachten, hielten sie Ende 2018 auf ihrer EP Embrace The Wildness fest. Mit diesem Brett im Gep\u00e4ck eroberten sie schnell die ersten Festivalb\u00fchnen. 2019 wagten sie auch den Sprung auf die Insel und spielten in Englands verrauchten Pubs und Kneipen einige Konzerte unter anderem auf dem Blackpool Music Festival. Diese Eindr\u00fccke verpacken Deadline 54 nun in ihrer Doppel-Single Star Hotel.<\/p>\n","protected":false},"featured_media":255,"template":"","meta":[],"_links":{"self":[{"href":"https:\/\/deinescheibe.com\/stores\/deadline54\/wp-json\/wp\/v2\/product\/183"}],"collection":[{"href":"https:\/\/deinescheibe.com\/stores\/deadline54\/wp-json\/wp\/v2\/product"}],"about":[{"href":"https:\/\/deinescheibe.com\/stores\/deadline54\/wp-json\/wp\/v2\/types\/product"}],"wp:featuredmedia":[{"embeddable":true,"href":"https:\/\/deinescheibe.com\/stores\/deadline54\/wp-json\/wp\/v2\/media\/255"}],"wp:attachment":[{"href":"https:\/\/deinescheibe.com\/stores\/deadline54\/wp-json\/wp\/v2\/media?parent=183"}],"curies":[{"name":"wp","href":"https:\/\/api.w.org\/{rel}","templated":true}]}}